{"id":4607,"date":"2025-09-10T10:11:37","date_gmt":"2025-09-10T09:11:37","guid":{"rendered":"https:\/\/ovaletestore.com\/?post_type=product&#038;p=4607"},"modified":"2025-09-10T10:11:37","modified_gmt":"2025-09-10T09:11:37","slug":"%d9%85%d9%8a%d9%84%d9%83-%d8%b4%d9%8a%d9%83-%d9%83%d8%b1%d9%8a%d9%85-%d8%a8%d8%b1%d9%88%d9%84%d9%8a%d9%87-creme-brulee-milkshake","status":"publish","type":"product","link":"https:\/\/ovaletestore.com\/en\/product\/%d9%85%d9%8a%d9%84%d9%83-%d8%b4%d9%8a%d9%83-%d9%83%d8%b1%d9%8a%d9%85-%d8%a8%d8%b1%d9%88%d9%84%d9%8a%d9%87-creme-brulee-milkshake\/","title":{"rendered":"\u0645\u064a\u0644\u0643 \u0634\u064a\u0643 \u0643\u0631\u064a\u0645 \u0628\u0631\u0648\u0644\u064a\u0647.Cr\u00e8me br\u00fbl\u00e9e Milkshake"},"content":{"rendered":"<p data-start=\"66\" data-end=\"246\">\u0627\u0646\u063a\u0645\u0633 \u0641\u064a \u0631\u0641\u0627\u0647\u064a\u0629 \u0627\u0644\u0637\u0639\u0645 \u0645\u0639 <strong data-start=\"106\" data-end=\"130\">\u0645\u064a\u0644\u0643 \u0634\u064a\u0643 \u0643\u0631\u064a\u0645 \u0628\u0631\u0648\u0644\u064a\u0647<\/strong> \ud83c\udf6e\ud83e\udd64. \u0645\u0632\u064a\u062c \u0643\u0631\u064a\u0645\u064a \u063a\u0646\u064a \u064a\u062c\u0645\u0639 \u0628\u064a\u0646 \u062d\u0644\u0627\u0648\u0629 \u0627\u0644\u0643\u0631\u0627\u0645\u064a\u0644 \u0627\u0644\u0645\u0643\u0631\u0645\u0644 \u0648\u0644\u0645\u0633\u0629 \u0627\u0644\u0641\u0627\u0646\u064a\u0644\u0627 \u0627\u0644\u0646\u0627\u0639\u0645\u0629 \u0644\u064a\u0645\u0646\u062d\u0643 \u062a\u062c\u0631\u0628\u0629 \u0641\u0631\u064a\u062f\u0629 \u0648\u0641\u0627\u062e\u0631\u0629 \u0641\u064a \u0643\u0644 \u0631\u0634\u0641\u0629.<\/p>\n<p data-start=\"248\" data-end=\"473\">Indulge in luxury with <strong data-start=\"289\" data-end=\"315\">Cr\u00e8me Br\u00fbl\u00e9e Milkshake<\/strong> \ud83c\udf6e\ud83e\udd64. A rich, creamy blend combining the sweetness of caramelized sugar with smooth vanilla, giving you a unique and elegant taste experience in every sip.<\/p>\n<p data-start=\"475\" data-end=\"550\" data-is-last-node=\"\" data-is-only-node=\"\">","protected":false},"excerpt":{"rendered":"<p>\u0627\u0646\u063a\u0645\u0633 \u0641\u064a \u0631\u0641\u0627\u0647\u064a\u0629 \u0627\u0644\u0637\u0639\u0645 \u0645\u0639 \u0645\u064a\u0644\u0643 \u0634\u064a\u0643 \u0643\u0631\u064a\u0645 \u0628\u0631\u0648\u0644\u064a\u0647 \ud83c\udf6e\ud83e\udd64. \u0645\u0632\u064a\u062c \u0643\u0631\u064a\u0645\u064a \u063a\u0646\u064a \u064a\u062c\u0645\u0639 \u0628\u064a\u0646 \u062d\u0644\u0627\u0648\u0629 \u0627\u0644\u0643\u0631\u0627\u0645\u064a\u0644 \u0627\u0644\u0645\u0643\u0631\u0645\u0644 \u0648\u0644\u0645\u0633\u0629 \u0627\u0644\u0641\u0627\u0646\u064a\u0644\u0627 \u0627\u0644\u0646\u0627\u0639\u0645\u0629 \u0644\u064a\u0645\u0646\u062d\u0643 \u062a\u062c\u0631\u0628\u0629 \u0641\u0631\u064a\u062f\u0629 \u0648\u0641\u0627\u062e\u0631\u0629 \u0641\u064a \u0643\u0644 \u0631\u0634\u0641\u0629. Indulge in luxury with Cr\u00e8me Br\u00fbl\u00e9e Milkshake \ud83c\udf6e\ud83e\udd64. A rich, creamy blend combining the sweetness of caramelized sugar with smooth vanilla, giving you a unique and elegant [&hellip;]<\/p>","protected":false},"featured_media":4608,"comment_status":"open","ping_status":"closed","template":"","meta":{"_joinchat":[]},"product_brand":[],"product_cat":[48],"product_tag":[],"class_list":{"0":"post-4607","1":"product","2":"type-product","3":"status-publish","4":"has-post-thumbnail","6":"product_cat---milkshake","8":"first","9":"instock","10":"shipping-taxable","11":"purchasable","12":"product-type-simple"},"_links":{"self":[{"href":"https:\/\/ovaletestore.com\/en\/wp-json\/wp\/v2\/product\/4607","targetHints":{"allow":["GET"]}}],"collection":[{"href":"https:\/\/ovaletestore.com\/en\/wp-json\/wp\/v2\/product"}],"about":[{"href":"https:\/\/ovaletestore.com\/en\/wp-json\/wp\/v2\/types\/product"}],"replies":[{"embeddable":true,"href":"https:\/\/ovaletestore.com\/en\/wp-json\/wp\/v2\/comments?post=4607"}],"wp:featuredmedia":[{"embeddable":true,"href":"https:\/\/ovaletestore.com\/en\/wp-json\/wp\/v2\/media\/4608"}],"wp:attachment":[{"href":"https:\/\/ovaletestore.com\/en\/wp-json\/wp\/v2\/media?parent=4607"}],"wp:term":[{"taxonomy":"product_brand","embeddable":true,"href":"https:\/\/ovaletestore.com\/en\/wp-json\/wp\/v2\/product_brand?post=4607"},{"taxonomy":"product_cat","embeddable":true,"href":"https:\/\/ovaletestore.com\/en\/wp-json\/wp\/v2\/product_cat?post=4607"},{"taxonomy":"product_tag","embeddable":true,"href":"https:\/\/ovaletestore.com\/en\/wp-json\/wp\/v2\/product_tag?post=4607"}],"curies":[{"name":"wp","href":"https:\/\/api.w.org\/{rel}","templated":true}]}}